{"id":38,"date":"2024-05-08T14:56:41","date_gmt":"2024-05-08T17:56:41","guid":{"rendered":"https:\/\/www.deliciasfamoso.com.br\/?page_id=38"},"modified":"2024-06-06T16:06:42","modified_gmt":"2024-06-06T19:06:42","slug":"sobre-nos","status":"publish","type":"page","link":"https:\/\/www.deliciasfamoso.com.br\/?page_id=38","title":{"rendered":"Sobre n\u00f3s"},"content":{"rendered":"\t\t<div data-elementor-type=\"wp-page\" data-elementor-id=\"38\" class=\"elementor elementor-38\" data-elementor-settings=\"{&quot;ha_cmc_init_switcher&quot;:&quot;no&quot;}\">\n\t\t\t\t<div class=\"elementor-element elementor-element-f40de2f e-flex e-con-boxed e-con e-parent\" data-id=\"f40de2f\" data-element_type=\"container\" data-e-type=\"container\" data-settings=\"{&quot;_ha_eqh_enable&quot;:false}\">\n\t\t\t\t\t<div class=\"e-con-inner\">\n\t\t<div class=\"elementor-element elementor-element-5cf09a8 e-con-full e-flex e-con e-child\" data-id=\"5cf09a8\" data-element_type=\"container\" data-e-type=\"container\" data-settings=\"{&quot;_ha_eqh_enable&quot;:false}\">\n\t\t\t\t<div class=\"elementor-element elementor-element-0979278 elementor-widget elementor-widget-heading\" data-id=\"0979278\" data-element_type=\"widget\" data-e-type=\"widget\" data-widget_type=\"heading.default\">\n\t\t\t\t<div class=\"elementor-widget-container\">\n\t\t\t\t\t<h2 class=\"elementor-heading-title elementor-size-default\">Sobre n\u00f3s<\/h2>\t\t\t\t<\/div>\n\t\t\t\t<\/div>\n\t\t\t\t<div class=\"elementor-element elementor-element-b824f75 elementor-widget elementor-widget-text-editor\" data-id=\"b824f75\" data-element_type=\"widget\" data-e-type=\"widget\" data-widget_type=\"text-editor.default\">\n\t\t\t\t<div class=\"elementor-widget-container\">\n\t\t\t\t\t\t\t\t\t<p>Apresentamos com orgulho a Del\u00edcias Famoso, uma empresa que traz consigo uma tradi\u00e7\u00e3o familiar que remonta a 1954, quando seu Milton e dona M\u00e1rcia deram in\u00edcio \u00e0 produ\u00e7\u00e3o de doces tradicionais mineiros em Baldim, Minas Gerais.<\/p><p>Hoje, com tr\u00eas unidades fabris em solo mineiro, continuamos a honrar essa heran\u00e7a, produzindo uma variedade de doces que nos conectam \u00e0s mem\u00f3rias afetivas das del\u00edcias preparadas por nossas av\u00f3s.<\/p><p>Nossas marcas s\u00e3o sin\u00f4nimo de confian\u00e7a e credibilidade, gra\u00e7as ao rigoroso controle de qualidade que garantimos em cada etapa da produ\u00e7\u00e3o. Convidamos voc\u00ea a saborear o melhor e mais aut\u00eantico dos doces, trazendo o sabor que perdura gera\u00e7\u00e3o ap\u00f3s gera\u00e7\u00e3o para o seu dia a dia.<\/p><p>Del\u00edcias Famoso, um doce peda\u00e7o da Vida!<\/p>\t\t\t\t\t\t\t\t<\/div>\n\t\t\t\t<\/div>\n\t\t\t\t<div class=\"elementor-element elementor-element-2f69b42 elementor-widget elementor-widget-button\" data-id=\"2f69b42\" data-element_type=\"widget\" data-e-type=\"widget\" data-widget_type=\"button.default\">\n\t\t\t\t<div class=\"elementor-widget-container\">\n\t\t\t\t\t\t\t\t\t<div class=\"elementor-button-wrapper\">\n\t\t\t\t\t<a class=\"elementor-button elementor-button-link elementor-size-sm\" href=\"https:\/\/www.deliciasfamoso.com.br\/?page_id=42\">\n\t\t\t\t\t\t<span class=\"elementor-button-content-wrapper\">\n\t\t\t\t\t\t\t\t\t<span class=\"elementor-button-text\">D\u00favidas? Fale conosco<\/span>\n\t\t\t\t\t<\/span>\n\t\t\t\t\t<\/a>\n\t\t\t\t<\/div>\n\t\t\t\t\t\t\t\t<\/div>\n\t\t\t\t<\/div>\n\t\t\t\t<div class=\"elementor-element elementor-element-dd6326a elementor-align-start elementor-icon-list--layout-traditional elementor-list-item-link-full_width elementor-widget elementor-widget-icon-list\" data-id=\"dd6326a\" data-element_type=\"widget\" data-e-type=\"widget\" data-widget_type=\"icon-list.default\">\n\t\t\t\t<div class=\"elementor-widget-container\">\n\t\t\t\t\t\t\t<ul class=\"elementor-icon-list-items\">\n\t\t\t\t\t\t\t<li class=\"elementor-icon-list-item\">\n\t\t\t\t\t\t\t\t\t\t\t<span class=\"elementor-icon-list-icon\">\n\t\t\t\t\t\t\t<svg aria-hidden=\"true\" class=\"e-font-icon-svg e-fas-infinity\" viewBox=\"0 0 640 512\" xmlns=\"http:\/\/www.w3.org\/2000\/svg\"><path d=\"M471.1 96C405 96 353.3 137.3 320 174.6 286.7 137.3 235 96 168.9 96 75.8 96 0 167.8 0 256s75.8 160 168.9 160c66.1 0 117.8-41.3 151.1-78.6 33.3 37.3 85 78.6 151.1 78.6 93.1 0 168.9-71.8 168.9-160S564.2 96 471.1 96zM168.9 320c-40.2 0-72.9-28.7-72.9-64s32.7-64 72.9-64c38.2 0 73.4 36.1 94 64-20.4 27.6-55.9 64-94 64zm302.2 0c-38.2 0-73.4-36.1-94-64 20.4-27.6 55.9-64 94-64 40.2 0 72.9 28.7 72.9 64s-32.7 64-72.9 64z\"><\/path><\/svg>\t\t\t\t\t\t<\/span>\n\t\t\t\t\t\t\t\t\t\t<span class=\"elementor-icon-list-text\">DESDE 1954, 70 ANOS DE TRADI\u00c7\u00c3O!<\/span>\n\t\t\t\t\t\t\t\t\t<\/li>\n\t\t\t\t\t\t\t\t<li class=\"elementor-icon-list-item\">\n\t\t\t\t\t\t\t\t\t\t\t<span class=\"elementor-icon-list-icon\">\n\t\t\t\t\t\t\t<svg aria-hidden=\"true\" class=\"e-font-icon-svg e-fas-heart\" viewBox=\"0 0 512 512\" xmlns=\"http:\/\/www.w3.org\/2000\/svg\"><path d=\"M462.3 62.6C407.5 15.9 326 24.3 275.7 76.2L256 96.5l-19.7-20.3C186.1 24.3 104.5 15.9 49.7 62.6c-62.8 53.6-66.1 149.8-9.9 207.9l193.5 199.8c12.5 12.9 32.8 12.9 45.3 0l193.5-199.8c56.3-58.1 53-154.3-9.8-207.9z\"><\/path><\/svg>\t\t\t\t\t\t<\/span>\n\t\t\t\t\t\t\t\t\t\t<span class=\"elementor-icon-list-text\">DOCES QUE APAIXONAM<\/span>\n\t\t\t\t\t\t\t\t\t<\/li>\n\t\t\t\t\t\t\t\t<li class=\"elementor-icon-list-item\">\n\t\t\t\t\t\t\t\t\t\t\t<span class=\"elementor-icon-list-icon\">\n\t\t\t\t\t\t\t<svg aria-hidden=\"true\" class=\"e-font-icon-svg e-fas-people-carry\" viewBox=\"0 0 640 512\" xmlns=\"http:\/\/www.w3.org\/2000\/svg\"><path d=\"M128 96c26.5 0 48-21.5 48-48S154.5 0 128 0 80 21.5 80 48s21.5 48 48 48zm384 0c26.5 0 48-21.5 48-48S538.5 0 512 0s-48 21.5-48 48 21.5 48 48 48zm125.7 372.1l-44-110-41.1 46.4-2 18.2 27.7 69.2c5 12.5 17 20.1 29.7 20.1 4 0 8-.7 11.9-2.3 16.4-6.6 24.4-25.2 17.8-41.6zm-34.2-209.8L585 178.1c-4.6-20-18.6-36.8-37.5-44.9-18.5-8-39-6.7-56.1 3.3-22.7 13.4-39.7 34.5-48.1 59.4L432 229.8 416 240v-96c0-8.8-7.2-16-16-16H240c-8.8 0-16 7.2-16 16v96l-16.1-10.2-11.3-33.9c-8.3-25-25.4-46-48.1-59.4-17.2-10-37.6-11.3-56.1-3.3-18.9 8.1-32.9 24.9-37.5 44.9l-18.4 80.2c-4.6 20 .7 41.2 14.4 56.7l67.2 75.9 10.1 92.6C130 499.8 143.8 512 160 512c1.2 0 2.3-.1 3.5-.2 17.6-1.9 30.2-17.7 28.3-35.3l-10.1-92.8c-1.5-13-6.9-25.1-15.6-35l-43.3-49 17.6-70.3 6.8 20.4c4.1 12.5 11.9 23.4 24.5 32.6l51.1 32.5c4.6 2.9 12.1 4.6 17.2 5h160c5.1-.4 12.6-2.1 17.2-5l51.1-32.5c12.6-9.2 20.4-20 24.5-32.6l6.8-20.4 17.6 70.3-43.3 49c-8.7 9.9-14.1 22-15.6 35l-10.1 92.8c-1.9 17.6 10.8 33.4 28.3 35.3 1.2.1 2.3.2 3.5.2 16.1 0 30-12.1 31.8-28.5l10.1-92.6 67.2-75.9c13.6-15.5 19-36.7 14.4-56.7zM46.3 358.1l-44 110c-6.6 16.4 1.4 35 17.8 41.6 16.8 6.6 35.1-1.7 41.6-17.8l27.7-69.2-2-18.2-41.1-46.4z\"><\/path><\/svg>\t\t\t\t\t\t<\/span>\n\t\t\t\t\t\t\t\t\t\t<span class=\"elementor-icon-list-text\">HARMONIA NO AMBIENTE DE TRABALHO<\/span>\n\t\t\t\t\t\t\t\t\t<\/li>\n\t\t\t\t\t\t<\/ul>\n\t\t\t\t\t\t<\/div>\n\t\t\t\t<\/div>\n\t\t\t\t<\/div>\n\t\t<div class=\"elementor-element elementor-element-7b2a95a e-con-full e-flex e-con e-child\" data-id=\"7b2a95a\" data-element_type=\"container\" data-e-type=\"container\" data-settings=\"{&quot;_ha_eqh_enable&quot;:false}\">\n\t\t\t\t<div class=\"elementor-element elementor-element-3fb8cad elementor-widget elementor-widget-image\" data-id=\"3fb8cad\" data-element_type=\"widget\" data-e-type=\"widget\" data-widget_type=\"image.default\">\n\t\t\t\t<div class=\"elementor-widget-container\">\n\t\t\t\t\t\t\t\t\t\t\t\t\t\t\t<img fetchpriority=\"high\" decoding=\"async\" width=\"1333\" height=\"2000\" src=\"https:\/\/www.deliciasfamoso.com.br\/wp-content\/uploads\/2024\/06\/Elegant-Aesthetic-Minimalist-Moodboard-Photo-Collage-Portrait.png\" class=\"attachment-full size-full wp-image-833\" alt=\"\" srcset=\"https:\/\/www.deliciasfamoso.com.br\/wp-content\/uploads\/2024\/06\/Elegant-Aesthetic-Minimalist-Moodboard-Photo-Collage-Portrait.png 1333w, https:\/\/www.deliciasfamoso.com.br\/wp-content\/uploads\/2024\/06\/Elegant-Aesthetic-Minimalist-Moodboard-Photo-Collage-Portrait-200x300.png 200w, https:\/\/www.deliciasfamoso.com.br\/wp-content\/uploads\/2024\/06\/Elegant-Aesthetic-Minimalist-Moodboard-Photo-Collage-Portrait-682x1024.png 682w, https:\/\/www.deliciasfamoso.com.br\/wp-content\/uploads\/2024\/06\/Elegant-Aesthetic-Minimalist-Moodboard-Photo-Collage-Portrait-768x1152.png 768w, https:\/\/www.deliciasfamoso.com.br\/wp-content\/uploads\/2024\/06\/Elegant-Aesthetic-Minimalist-Moodboard-Photo-Collage-Portrait-1024x1536.png 1024w\" sizes=\"(max-width: 1333px) 100vw, 1333px\" \/>\t\t\t\t\t\t\t\t\t\t\t\t\t\t\t<\/div>\n\t\t\t\t<\/div>\n\t\t\t\t<\/div>\n\t\t\t\t\t<\/div>\n\t\t\t\t<\/div>\n\t\t\t\t<\/div>\n\t\t","protected":false},"excerpt":{"rendered":"<p>Sobre n\u00f3s Apresentamos com orgulho a Del\u00edcias Famoso, uma empresa que traz consigo uma tradi\u00e7\u00e3o familiar que remonta a 1954, quando seu Milton e dona M\u00e1rcia deram in\u00edcio \u00e0 produ\u00e7\u00e3o de doces tradicionais mineiros em Baldim, Minas Gerais. Hoje, com tr\u00eas unidades fabris em solo mineiro, continuamos a honrar essa heran\u00e7a, produzindo uma variedade de [&hellip;]<\/p>\n","protected":false},"author":1,"featured_media":0,"parent":0,"menu_order":0,"comment_status":"closed","ping_status":"closed","template":"elementor_header_footer","meta":{"_monsterinsights_skip_tracking":false,"_monsterinsights_sitenote_active":false,"_monsterinsights_sitenote_note":"","_monsterinsights_sitenote_category":0,"footnotes":""},"class_list":["post-38","page","type-page","status-publish","hentry"],"aioseo_notices":[],"_links":{"self":[{"href":"https:\/\/www.deliciasfamoso.com.br\/index.php?rest_route=\/wp\/v2\/pages\/38","targetHints":{"allow":["GET"]}}],"collection":[{"href":"https:\/\/www.deliciasfamoso.com.br\/index.php?rest_route=\/wp\/v2\/pages"}],"about":[{"href":"https:\/\/www.deliciasfamoso.com.br\/index.php?rest_route=\/wp\/v2\/types\/page"}],"author":[{"embeddable":true,"href":"https:\/\/www.deliciasfamoso.com.br\/index.php?rest_route=\/wp\/v2\/users\/1"}],"replies":[{"embeddable":true,"href":"https:\/\/www.deliciasfamoso.com.br\/index.php?rest_route=%2Fwp%2Fv2%2Fcomments&post=38"}],"version-history":[{"count":16,"href":"https:\/\/www.deliciasfamoso.com.br\/index.php?rest_route=\/wp\/v2\/pages\/38\/revisions"}],"predecessor-version":[{"id":840,"href":"https:\/\/www.deliciasfamoso.com.br\/index.php?rest_route=\/wp\/v2\/pages\/38\/revisions\/840"}],"wp:attachment":[{"href":"https:\/\/www.deliciasfamoso.com.br\/index.php?rest_route=%2Fwp%2Fv2%2Fmedia&parent=38"}],"curies":[{"name":"wp","href":"https:\/\/api.w.org\/{rel}","templated":true}]}}